{"id":1927,"date":"2021-05-19T10:09:34","date_gmt":"2021-05-19T13:09:34","guid":{"rendered":"https:\/\/agustinremondino.com\/arconsultora\/?page_id=1927"},"modified":"2021-05-19T11:36:54","modified_gmt":"2021-05-19T14:36:54","slug":"contacto-servicios-conferencias","status":"publish","type":"page","link":"https:\/\/agustinremondino.com\/index.php\/contacto-servicios-conferencias\/","title":{"rendered":"Contacto Servicios &#8211; Conferencias"},"content":{"rendered":"\t\t<div data-elementor-type=\"wp-page\" data-elementor-id=\"1927\" class=\"elementor elementor-1927\" data-elementor-settings=\"[]\">\n\t\t\t\t\t\t\t<div class=\"elementor-section-wrap\">\n\t\t\t\t\t\t\t<section class=\"elementor-section elementor-top-section elementor-element elementor-element-a47d46d elementor-section-stretched elementor-section-boxed elementor-section-height-default elementor-section-height-default parallax_section_no qode_elementor_container_no\" data-id=\"a47d46d\" data-element_type=\"section\" data-settings=\"{&quot;stretch_section&quot;:&quot;section-stretched&quot;,&quot;background_background&quot;:&quot;classic&quot;}\">\n\t\t\t\t\t\t<div class=\"elementor-container elementor-column-gap-default\">\n\t\t\t\t\t<div class=\"elementor-column elementor-col-100 elementor-top-column elementor-element elementor-element-0efd502\" data-id=\"0efd502\" data-element_type=\"column\">\n\t\t\t<div class=\"elementor-widget-wrap elementor-element-populated\">\n\t\t\t\t\t\t\t\t<div class=\"elementor-element elementor-element-3602432 elementor-widget elementor-widget-heading\" data-id=\"3602432\" data-element_type=\"widget\" data-widget_type=\"heading.default\">\n\t\t\t\t<div class=\"elementor-widget-container\">\n\t\t\t<h2 class=\"elementor-heading-title elementor-size-default\">CONFERENCIAS<\/h2>\t\t<\/div>\n\t\t\t\t<\/div>\n\t\t\t\t\t<\/div>\n\t\t<\/div>\n\t\t\t\t\t\t\t<\/div>\n\t\t<\/section>\n\t\t\t\t<section class=\"elementor-section elementor-top-section elementor-element elementor-element-198a762 elementor-section-stretched elementor-section-boxed elementor-section-height-default elementor-section-height-default parallax_section_no qode_elementor_container_no\" data-id=\"198a762\" data-element_type=\"section\" data-settings=\"{&quot;stretch_section&quot;:&quot;section-stretched&quot;,&quot;background_background&quot;:&quot;classic&quot;}\">\n\t\t\t\t\t\t<div class=\"elementor-container elementor-column-gap-default\">\n\t\t\t\t\t<div class=\"elementor-column elementor-col-100 elementor-top-column elementor-element elementor-element-6396fa5\" data-id=\"6396fa5\" data-element_type=\"column\">\n\t\t\t<div class=\"elementor-widget-wrap elementor-element-populated\">\n\t\t\t\t\t\t\t\t<div class=\"elementor-element elementor-element-9a71071 elementor-widget elementor-widget-spacer\" data-id=\"9a71071\" data-element_type=\"widget\" data-widget_type=\"spacer.default\">\n\t\t\t\t<div class=\"elementor-widget-container\">\n\t\t\t\t\t<div class=\"elementor-spacer\">\n\t\t\t<div class=\"elementor-spacer-inner\"><\/div>\n\t\t<\/div>\n\t\t\t\t<\/div>\n\t\t\t\t<\/div>\n\t\t\t\t<div class=\"elementor-element elementor-element-22976b9 elementor-widget elementor-widget-bridge_cf_7\" data-id=\"22976b9\" data-element_type=\"widget\" data-widget_type=\"bridge_cf_7.default\">\n\t\t\t\t<div class=\"elementor-widget-container\">\n\t\t\t    <div class=\"qode-contact-form-7 qode-contact-form-7-0\">\n    <div role=\"form\" class=\"wpcf7\" id=\"wpcf7-f1921-o1\" lang=\"es-AR\" dir=\"ltr\">\n<div class=\"screen-reader-response\"><p role=\"status\" aria-live=\"polite\" aria-atomic=\"true\"><\/p> <ul><\/ul><\/div>\n<form action=\"\/index.php\/wp-json\/wp\/v2\/pages\/1927#wpcf7-f1921-o1\" method=\"post\" class=\"wpcf7-form init cf7_custom_style_1\" novalidate=\"novalidate\" data-status=\"init\">\n<div style=\"display: none;\">\n<input type=\"hidden\" name=\"_wpcf7\" value=\"1921\" \/>\n<input type=\"hidden\" name=\"_wpcf7_version\" value=\"5.4.1\" \/>\n<input type=\"hidden\" name=\"_wpcf7_locale\" value=\"es_AR\" \/>\n<input type=\"hidden\" name=\"_wpcf7_unit_tag\" value=\"wpcf7-f1921-o1\" \/>\n<input type=\"hidden\" name=\"_wpcf7_container_post\" value=\"0\" \/>\n<input type=\"hidden\" name=\"_wpcf7_posted_data_hash\" value=\"\" \/>\n<input type=\"hidden\" name=\"_wpcf7_recaptcha_response\" value=\"\" \/>\n<\/div>\n<p><label> Servicio a consultar <\/label><\/p>\n<p><span class=\"wpcf7-form-control-wrap menu-opciones\"><select name=\"menu-opciones\" class=\"wpcf7-form-control wpcf7-select wpcf7-validates-as-required\" aria-required=\"true\" aria-invalid=\"false\"><option value=\"Conferencias\">Conferencias<\/option><option value=\"Consultor\u00eda Empresarial\">Consultor\u00eda Empresarial<\/option><option value=\"Consultor\u00eda Express\">Consultor\u00eda Express<\/option><option value=\"Coaching\">Coaching<\/option><\/select><\/span><\/p>\n<p><label> Tu nombre completo<br \/>\n    <span class=\"wpcf7-form-control-wrap your-name\"><input type=\"text\" name=\"your-name\" value=\"\" size=\"40\" class=\"wpcf7-form-control wpcf7-text wpcf7-validates-as-required\" aria-required=\"true\" aria-invalid=\"false\" \/><\/span> <\/label><\/p>\n<p><label> Tu correo electr\u00f3nico<br \/>\n    <span class=\"wpcf7-form-control-wrap your-email\"><input type=\"email\" name=\"your-email\" value=\"\" size=\"40\" class=\"wpcf7-form-control wpcf7-text wpcf7-email wpcf7-validates-as-required wpcf7-validates-as-email\" aria-required=\"true\" aria-invalid=\"false\" \/><\/span> <\/label><\/p>\n<p><label> Tu tel\u00e9fono<br \/>\n    <span class=\"wpcf7-form-control-wrap tel-439\"><input type=\"tel\" name=\"tel-439\" value=\"\" size=\"40\" class=\"wpcf7-form-control wpcf7-text wpcf7-tel wpcf7-validates-as-required wpcf7-validates-as-tel\" aria-required=\"true\" aria-invalid=\"false\" \/><\/span> <\/label><\/p>\n<p><label> Tu consulta<br \/>\n    <span class=\"wpcf7-form-control-wrap textarea-691\"><textarea name=\"textarea-691\" cols=\"40\" rows=\"10\" class=\"wpcf7-form-control wpcf7-textarea wpcf7-validates-as-required\" aria-required=\"true\" aria-invalid=\"false\"><\/textarea><\/span> <\/label><\/p>\n<p><label> Pol\u00edtica de privacidad  <\/p>\n<p><span class=\"wpcf7-form-control-wrap Privacidad\"><span class=\"wpcf7-form-control wpcf7-acceptance\"><span class=\"wpcf7-list-item\"><label><input type=\"checkbox\" name=\"Privacidad\" value=\"1\" aria-invalid=\"false\" \/><span class=\"wpcf7-list-item-label\">He le\u00eddo y acepto la <a href=\"index.php\/politica-privacidad\">Pol\u00edtica de Privacidad<\/a>.<\/span><\/label><\/span><\/span><\/span> <\/label><\/p>\n<p><input type=\"submit\" value=\"Enviar\" class=\"wpcf7-form-control wpcf7-submit\" \/><\/p>\n<div class=\"wpcf7-response-output\" aria-hidden=\"true\"><\/div><\/form><\/div>    <\/div>\n\t\t<\/div>\n\t\t\t\t<\/div>\n\t\t\t\t<div class=\"elementor-element elementor-element-bcc0e90 elementor-widget elementor-widget-spacer\" data-id=\"bcc0e90\" data-element_type=\"widget\" data-widget_type=\"spacer.default\">\n\t\t\t\t<div class=\"elementor-widget-container\">\n\t\t\t\t\t<div class=\"elementor-spacer\">\n\t\t\t<div class=\"elementor-spacer-inner\"><\/div>\n\t\t<\/div>\n\t\t\t\t<\/div>\n\t\t\t\t<\/div>\n\t\t\t\t\t<\/div>\n\t\t<\/div>\n\t\t\t\t\t\t\t<\/div>\n\t\t<\/section>\n\t\t\t\t<section class=\"elementor-section elementor-top-section elementor-element elementor-element-49f30c1 elementor-section-stretched elementor-section-boxed elementor-section-height-default elementor-section-height-default parallax_section_no qode_elementor_container_no\" data-id=\"49f30c1\" data-element_type=\"section\" data-settings=\"{&quot;stretch_section&quot;:&quot;section-stretched&quot;}\">\n\t\t\t\t\t\t<div class=\"elementor-container elementor-column-gap-default\">\n\t\t\t\t\t<div class=\"elementor-column elementor-col-100 elementor-top-column elementor-element elementor-element-743f4a3\" data-id=\"743f4a3\" data-element_type=\"column\">\n\t\t\t<div class=\"elementor-widget-wrap\">\n\t\t\t\t\t\t\t\t\t<\/div>\n\t\t<\/div>\n\t\t\t\t\t\t\t<\/div>\n\t\t<\/section>\n\t\t\t\t\t\t<\/div>\n\t\t\t\t\t<\/div>\n\t\t","protected":false},"excerpt":{"rendered":"<p>CONFERENCIAS Servicio a adquirir ConferenciasConsultor\u00eda EmpresarialConsultor\u00eda ExpressCoaching Tu nombre completo Tu correo electr\u00f3nico Tu tel\u00e9fono Pol\u00edtica de privacidad He le\u00eddo y acepto la Pol\u00edtica de Privacidad.<\/p>\n","protected":false},"author":1,"featured_media":0,"parent":0,"menu_order":0,"comment_status":"closed","ping_status":"closed","template":"","meta":[],"yoast_head":"<!-- This site is optimized with the Yoast SEO plugin v16.3 - https:\/\/yoast.com\/wordpress\/plugins\/seo\/ -->\n<title>Contacto Servicios - Conferencias | Agust\u00edn Remondino<\/title>\n<meta name=\"robots\" content=\"index, follow, max-snippet:-1, max-image-preview:large, max-video-preview:-1\" \/>\n<link rel=\"canonical\" href=\"https:\/\/agustinremondino.com\/index.php\/contacto-servicios-conferencias\/\" \/>\n<meta property=\"og:locale\" content=\"es_ES\" \/>\n<meta property=\"og:type\" content=\"article\" \/>\n<meta property=\"og:title\" content=\"Contacto Servicios - Conferencias | Agust\u00edn Remondino\" \/>\n<meta property=\"og:description\" content=\"CONFERENCIAS Servicio a adquirir ConferenciasConsultor\u00eda EmpresarialConsultor\u00eda ExpressCoaching Tu nombre completo Tu correo electr\u00f3nico Tu tel\u00e9fono Pol\u00edtica de privacidad He le\u00eddo y acepto la Pol\u00edtica de Privacidad.\" \/>\n<meta property=\"og:url\" content=\"https:\/\/agustinremondino.com\/index.php\/contacto-servicios-conferencias\/\" \/>\n<meta property=\"og:site_name\" content=\"Agust\u00edn Remondino\" \/>\n<meta property=\"article:publisher\" content=\"https:\/\/www.facebook.com\/ARConsultoraEmpresarial\" \/>\n<meta property=\"article:modified_time\" content=\"2021-05-19T14:36:54+00:00\" \/>\n<meta name=\"twitter:card\" content=\"summary_large_image\" \/>\n<meta name=\"twitter:label1\" content=\"Tiempo de lectura\">\n\t<meta name=\"twitter:data1\" content=\"1 minuto\">\n<script type=\"application\/ld+json\" class=\"yoast-schema-graph\">{\"@context\":\"https:\/\/schema.org\",\"@graph\":[{\"@type\":\"Organization\",\"@id\":\"https:\/\/agustinremondino.com\/#organization\",\"name\":\"Agust\\u00edn Remondino\",\"url\":\"https:\/\/agustinremondino.com\/\",\"sameAs\":[\"https:\/\/www.facebook.com\/ARConsultoraEmpresarial\",\"https:\/\/www.instagram.com\/agustinremondino\/?hl=es-la\",\"https:\/\/www.linkedin.com\/in\/agust\\u00edn-remondino-60568559\/\",\"https:\/\/www.youtube.com\/channel\/UCDQoc1vDQhUi0MzojsE6zQQ\"],\"logo\":{\"@type\":\"ImageObject\",\"@id\":\"https:\/\/agustinremondino.com\/#logo\",\"inLanguage\":\"es-AR\",\"url\":\"https:\/\/agustinremondino.com\/arconsultora\/wp-content\/uploads\/2021\/04\/favicon-ar1.png\",\"contentUrl\":\"https:\/\/agustinremondino.com\/arconsultora\/wp-content\/uploads\/2021\/04\/favicon-ar1.png\",\"width\":130,\"height\":130,\"caption\":\"Agust\\u00edn Remondino\"},\"image\":{\"@id\":\"https:\/\/agustinremondino.com\/#logo\"}},{\"@type\":\"WebSite\",\"@id\":\"https:\/\/agustinremondino.com\/#website\",\"url\":\"https:\/\/agustinremondino.com\/\",\"name\":\"Agust\\u00edn Remondino\",\"description\":\"Consultor \\u2013  Speaker \\u2013 Coach\",\"publisher\":{\"@id\":\"https:\/\/agustinremondino.com\/#organization\"},\"potentialAction\":[{\"@type\":\"SearchAction\",\"target\":\"https:\/\/agustinremondino.com\/?s={search_term_string}\",\"query-input\":\"required name=search_term_string\"}],\"inLanguage\":\"es-AR\"},{\"@type\":\"WebPage\",\"@id\":\"https:\/\/agustinremondino.com\/index.php\/contacto-servicios-conferencias\/#webpage\",\"url\":\"https:\/\/agustinremondino.com\/index.php\/contacto-servicios-conferencias\/\",\"name\":\"Contacto Servicios - Conferencias | Agust\\u00edn Remondino\",\"isPartOf\":{\"@id\":\"https:\/\/agustinremondino.com\/#website\"},\"datePublished\":\"2021-05-19T13:09:34+00:00\",\"dateModified\":\"2021-05-19T14:36:54+00:00\",\"breadcrumb\":{\"@id\":\"https:\/\/agustinremondino.com\/index.php\/contacto-servicios-conferencias\/#breadcrumb\"},\"inLanguage\":\"es-AR\",\"potentialAction\":[{\"@type\":\"ReadAction\",\"target\":[\"https:\/\/agustinremondino.com\/index.php\/contacto-servicios-conferencias\/\"]}]},{\"@type\":\"BreadcrumbList\",\"@id\":\"https:\/\/agustinremondino.com\/index.php\/contacto-servicios-conferencias\/#breadcrumb\",\"itemListElement\":[{\"@type\":\"ListItem\",\"position\":1,\"item\":{\"@type\":\"WebPage\",\"@id\":\"https:\/\/agustinremondino.com\/\",\"url\":\"https:\/\/agustinremondino.com\/\",\"name\":\"Inicio\"}},{\"@type\":\"ListItem\",\"position\":2,\"item\":{\"@id\":\"https:\/\/agustinremondino.com\/index.php\/contacto-servicios-conferencias\/#webpage\"}}]}]}<\/script>\n<!-- \/ Yoast SEO plugin. -->","_links":{"self":[{"href":"https:\/\/agustinremondino.com\/index.php\/wp-json\/wp\/v2\/pages\/1927"}],"collection":[{"href":"https:\/\/agustinremondino.com\/index.php\/wp-json\/wp\/v2\/pages"}],"about":[{"href":"https:\/\/agustinremondino.com\/index.php\/wp-json\/wp\/v2\/types\/page"}],"author":[{"embeddable":true,"href":"https:\/\/agustinremondino.com\/index.php\/wp-json\/wp\/v2\/users\/1"}],"replies":[{"embeddable":true,"href":"https:\/\/agustinremondino.com\/index.php\/wp-json\/wp\/v2\/comments?post=1927"}],"version-history":[{"count":10,"href":"https:\/\/agustinremondino.com\/index.php\/wp-json\/wp\/v2\/pages\/1927\/revisions"}],"predecessor-version":[{"id":1949,"href":"https:\/\/agustinremondino.com\/index.php\/wp-json\/wp\/v2\/pages\/1927\/revisions\/1949"}],"wp:attachment":[{"href":"https:\/\/agustinremondino.com\/index.php\/wp-json\/wp\/v2\/media?parent=1927"}],"curies":[{"name":"wp","href":"https:\/\/api.w.org\/{rel}","templated":true}]}}